{"id":97,"date":"2023-07-27T12:49:49","date_gmt":"2023-07-27T10:49:49","guid":{"rendered":"https:\/\/www.legumbresballesteros.com\/?post_type=product&#038;p=97"},"modified":"2023-07-27T21:11:24","modified_gmt":"2023-07-27T19:11:24","slug":"alubia-pinta-de-leon","status":"publish","type":"product","link":"https:\/\/www.legumbresballesteros.com\/en\/producto\/alubia-pinta-de-leon\/","title":{"rendered":"ALUBIA PINTA DE LE\u00d3N"},"content":{"rendered":"<p>El grano es de color vinoso sobre un fondo c\u00e1rneo-rosado de forma esf\u00e9rica o un poco alargada y de tama\u00f1o grande con unos 160 granos por 100 gramos de semilla.<br \/>\nAunque su cultivo est\u00e1 extendido por el t\u00e9rmino nacional la producci\u00f3n m\u00e1s importante se encuentra en la provincias de Le\u00f3n y Avila.<\/p>\n","protected":false},"excerpt":{"rendered":"<p>El grano es de color vinoso sobre un fondo c\u00e1rneo-rosado de forma esf\u00e9rica o un poco alargada y de tama\u00f1o grande con unos 160 granos por 100 gramos de semilla.<br \/>\nAunque su cultivo est\u00e1 extendido por el t\u00e9rmino nacional la producci\u00f3n m\u00e1s importante se encuentra en la provincias de Le\u00f3n y Avila.<\/p>\n","protected":false},"featured_media":192,"comment_status":"open","ping_status":"closed","template":"","meta":[],"product_brand":[],"product_cat":[19],"product_tag":[],"class_list":{"0":"post-97","1":"product","2":"type-product","3":"status-publish","4":"has-post-thumbnail","6":"product_cat-alubias-color","8":"first","9":"instock","10":"shipping-taxable","11":"product-type-simple"},"yoast_head":"<!-- This site is optimized with the Yoast SEO plugin v24.8.1 - https:\/\/yoast.com\/wordpress\/plugins\/seo\/ -->\n<title>ALUBIA PINTA DE LE\u00d3N - legumbresballesteros.com<\/title>\n<meta name=\"robots\" content=\"index, follow, max-snippet:-1, max-image-preview:large, max-video-preview:-1\" \/>\n<link rel=\"canonical\" href=\"https:\/\/www.legumbresballesteros.com\/en\/producto\/alubia-pinta-de-leon\/\" \/>\n<meta property=\"og:locale\" content=\"en_US\" \/>\n<meta property=\"og:locale:alternate\" content=\"es_ES\" \/>\n<meta property=\"og:type\" content=\"article\" \/>\n<meta property=\"og:title\" content=\"ALUBIA PINTA DE LE\u00d3N - legumbresballesteros.com\" \/>\n<meta property=\"og:description\" content=\"El grano es de color vinoso sobre un fondo c\u00e1rneo-rosado de forma esf\u00e9rica o un poco alargada y de tama\u00f1o grande con unos 160 granos por 100 gramos de semilla. Aunque su cultivo est\u00e1 extendido por el t\u00e9rmino nacional la producci\u00f3n m\u00e1s importante se encuentra en la provincias de Le\u00f3n y Avila.\" \/>\n<meta property=\"og:url\" content=\"https:\/\/www.legumbresballesteros.com\/en\/producto\/alubia-pinta-de-leon\/\" \/>\n<meta property=\"og:site_name\" content=\"legumbresballesteros.com\" \/>\n<meta property=\"article:modified_time\" content=\"2023-07-27T19:11:24+00:00\" \/>\n<meta property=\"og:image\" content=\"https:\/\/www.legumbresballesteros.com\/wp-content\/uploads\/2023\/07\/Alubia-pinta-de-Leon-1.jpg\" \/>\n\t<meta property=\"og:image:width\" content=\"622\" \/>\n\t<meta property=\"og:image:height\" content=\"415\" \/>\n\t<meta property=\"og:image:type\" content=\"image\/jpeg\" \/>\n<meta name=\"twitter:card\" content=\"summary_large_image\" \/>\n<script type=\"application\/ld+json\" class=\"yoast-schema-graph\">{\"@context\":\"https:\/\/schema.org\",\"@graph\":[{\"@type\":\"WebPage\",\"@id\":\"https:\/\/www.legumbresballesteros.com\/producto\/alubia-pinta-de-leon\/\",\"url\":\"https:\/\/www.legumbresballesteros.com\/producto\/alubia-pinta-de-leon\/\",\"name\":\"ALUBIA PINTA DE LE\u00d3N - legumbresballesteros.com\",\"isPartOf\":{\"@id\":\"https:\/\/www.legumbresballesteros.com\/#website\"},\"primaryImageOfPage\":{\"@id\":\"https:\/\/www.legumbresballesteros.com\/producto\/alubia-pinta-de-leon\/#primaryimage\"},\"image\":{\"@id\":\"https:\/\/www.legumbresballesteros.com\/producto\/alubia-pinta-de-leon\/#primaryimage\"},\"thumbnailUrl\":\"https:\/\/www.legumbresballesteros.com\/wp-content\/uploads\/2023\/07\/Alubia-pinta-de-Leon-1.jpg\",\"datePublished\":\"2023-07-27T10:49:49+00:00\",\"dateModified\":\"2023-07-27T19:11:24+00:00\",\"breadcrumb\":{\"@id\":\"https:\/\/www.legumbresballesteros.com\/producto\/alubia-pinta-de-leon\/#breadcrumb\"},\"inLanguage\":\"en-US\",\"potentialAction\":[{\"@type\":\"ReadAction\",\"target\":[\"https:\/\/www.legumbresballesteros.com\/producto\/alubia-pinta-de-leon\/\"]}]},{\"@type\":\"ImageObject\",\"inLanguage\":\"en-US\",\"@id\":\"https:\/\/www.legumbresballesteros.com\/producto\/alubia-pinta-de-leon\/#primaryimage\",\"url\":\"https:\/\/www.legumbresballesteros.com\/wp-content\/uploads\/2023\/07\/Alubia-pinta-de-Leon-1.jpg\",\"contentUrl\":\"https:\/\/www.legumbresballesteros.com\/wp-content\/uploads\/2023\/07\/Alubia-pinta-de-Leon-1.jpg\",\"width\":622,\"height\":415},{\"@type\":\"BreadcrumbList\",\"@id\":\"https:\/\/www.legumbresballesteros.com\/producto\/alubia-pinta-de-leon\/#breadcrumb\",\"itemListElement\":[{\"@type\":\"ListItem\",\"position\":1,\"name\":\"Portada\",\"item\":\"https:\/\/www.legumbresballesteros.com\/\"},{\"@type\":\"ListItem\",\"position\":2,\"name\":\"Tienda\",\"item\":\"https:\/\/www.legumbresballesteros.com\/tienda\/\"},{\"@type\":\"ListItem\",\"position\":3,\"name\":\"ALUBIA PINTA DE LE\u00d3N\"}]},{\"@type\":\"WebSite\",\"@id\":\"https:\/\/www.legumbresballesteros.com\/#website\",\"url\":\"https:\/\/www.legumbresballesteros.com\/\",\"name\":\"legumbresballesteros.com\",\"description\":\"\",\"publisher\":{\"@id\":\"https:\/\/www.legumbresballesteros.com\/#organization\"},\"potentialAction\":[{\"@type\":\"SearchAction\",\"target\":{\"@type\":\"EntryPoint\",\"urlTemplate\":\"https:\/\/www.legumbresballesteros.com\/?s={search_term_string}\"},\"query-input\":{\"@type\":\"PropertyValueSpecification\",\"valueRequired\":true,\"valueName\":\"search_term_string\"}}],\"inLanguage\":\"en-US\"},{\"@type\":\"Organization\",\"@id\":\"https:\/\/www.legumbresballesteros.com\/#organization\",\"name\":\"legumbresballesteros.com\",\"url\":\"https:\/\/www.legumbresballesteros.com\/\",\"logo\":{\"@type\":\"ImageObject\",\"inLanguage\":\"en-US\",\"@id\":\"https:\/\/www.legumbresballesteros.com\/#\/schema\/logo\/image\/\",\"url\":\"https:\/\/www.legumbresballesteros.com\/wp-content\/uploads\/2023\/07\/cropped-logo_transparente.png\",\"contentUrl\":\"https:\/\/www.legumbresballesteros.com\/wp-content\/uploads\/2023\/07\/cropped-logo_transparente.png\",\"width\":250,\"height\":250,\"caption\":\"legumbresballesteros.com\"},\"image\":{\"@id\":\"https:\/\/www.legumbresballesteros.com\/#\/schema\/logo\/image\/\"}}]}<\/script>\n<!-- \/ Yoast SEO plugin. -->","yoast_head_json":{"title":"ALUBIA PINTA DE LE\u00d3N - legumbresballesteros.com","robots":{"index":"index","follow":"follow","max-snippet":"max-snippet:-1","max-image-preview":"max-image-preview:large","max-video-preview":"max-video-preview:-1"},"canonical":"https:\/\/www.legumbresballesteros.com\/en\/producto\/alubia-pinta-de-leon\/","og_locale":"en_US","og_type":"article","og_title":"ALUBIA PINTA DE LE\u00d3N - legumbresballesteros.com","og_description":"El grano es de color vinoso sobre un fondo c\u00e1rneo-rosado de forma esf\u00e9rica o un poco alargada y de tama\u00f1o grande con unos 160 granos por 100 gramos de semilla. Aunque su cultivo est\u00e1 extendido por el t\u00e9rmino nacional la producci\u00f3n m\u00e1s importante se encuentra en la provincias de Le\u00f3n y Avila.","og_url":"https:\/\/www.legumbresballesteros.com\/en\/producto\/alubia-pinta-de-leon\/","og_site_name":"legumbresballesteros.com","article_modified_time":"2023-07-27T19:11:24+00:00","og_image":[{"width":622,"height":415,"url":"https:\/\/www.legumbresballesteros.com\/wp-content\/uploads\/2023\/07\/Alubia-pinta-de-Leon-1.jpg","type":"image\/jpeg"}],"twitter_card":"summary_large_image","schema":{"@context":"https:\/\/schema.org","@graph":[{"@type":"WebPage","@id":"https:\/\/www.legumbresballesteros.com\/producto\/alubia-pinta-de-leon\/","url":"https:\/\/www.legumbresballesteros.com\/producto\/alubia-pinta-de-leon\/","name":"ALUBIA PINTA DE LE\u00d3N - legumbresballesteros.com","isPartOf":{"@id":"https:\/\/www.legumbresballesteros.com\/#website"},"primaryImageOfPage":{"@id":"https:\/\/www.legumbresballesteros.com\/producto\/alubia-pinta-de-leon\/#primaryimage"},"image":{"@id":"https:\/\/www.legumbresballesteros.com\/producto\/alubia-pinta-de-leon\/#primaryimage"},"thumbnailUrl":"https:\/\/www.legumbresballesteros.com\/wp-content\/uploads\/2023\/07\/Alubia-pinta-de-Leon-1.jpg","datePublished":"2023-07-27T10:49:49+00:00","dateModified":"2023-07-27T19:11:24+00:00","breadcrumb":{"@id":"https:\/\/www.legumbresballesteros.com\/producto\/alubia-pinta-de-leon\/#breadcrumb"},"inLanguage":"en-US","potentialAction":[{"@type":"ReadAction","target":["https:\/\/www.legumbresballesteros.com\/producto\/alubia-pinta-de-leon\/"]}]},{"@type":"ImageObject","inLanguage":"en-US","@id":"https:\/\/www.legumbresballesteros.com\/producto\/alubia-pinta-de-leon\/#primaryimage","url":"https:\/\/www.legumbresballesteros.com\/wp-content\/uploads\/2023\/07\/Alubia-pinta-de-Leon-1.jpg","contentUrl":"https:\/\/www.legumbresballesteros.com\/wp-content\/uploads\/2023\/07\/Alubia-pinta-de-Leon-1.jpg","width":622,"height":415},{"@type":"BreadcrumbList","@id":"https:\/\/www.legumbresballesteros.com\/producto\/alubia-pinta-de-leon\/#breadcrumb","itemListElement":[{"@type":"ListItem","position":1,"name":"Portada","item":"https:\/\/www.legumbresballesteros.com\/"},{"@type":"ListItem","position":2,"name":"Tienda","item":"https:\/\/www.legumbresballesteros.com\/tienda\/"},{"@type":"ListItem","position":3,"name":"ALUBIA PINTA DE LE\u00d3N"}]},{"@type":"WebSite","@id":"https:\/\/www.legumbresballesteros.com\/#website","url":"https:\/\/www.legumbresballesteros.com\/","name":"legumbresballesteros.com","description":"","publisher":{"@id":"https:\/\/www.legumbresballesteros.com\/#organization"},"potentialAction":[{"@type":"SearchAction","target":{"@type":"EntryPoint","urlTemplate":"https:\/\/www.legumbresballesteros.com\/?s={search_term_string}"},"query-input":{"@type":"PropertyValueSpecification","valueRequired":true,"valueName":"search_term_string"}}],"inLanguage":"en-US"},{"@type":"Organization","@id":"https:\/\/www.legumbresballesteros.com\/#organization","name":"legumbresballesteros.com","url":"https:\/\/www.legumbresballesteros.com\/","logo":{"@type":"ImageObject","inLanguage":"en-US","@id":"https:\/\/www.legumbresballesteros.com\/#\/schema\/logo\/image\/","url":"https:\/\/www.legumbresballesteros.com\/wp-content\/uploads\/2023\/07\/cropped-logo_transparente.png","contentUrl":"https:\/\/www.legumbresballesteros.com\/wp-content\/uploads\/2023\/07\/cropped-logo_transparente.png","width":250,"height":250,"caption":"legumbresballesteros.com"},"image":{"@id":"https:\/\/www.legumbresballesteros.com\/#\/schema\/logo\/image\/"}}]}},"_links":{"self":[{"href":"https:\/\/www.legumbresballesteros.com\/en\/wp-json\/wp\/v2\/product\/97","targetHints":{"allow":["GET"]}}],"collection":[{"href":"https:\/\/www.legumbresballesteros.com\/en\/wp-json\/wp\/v2\/product"}],"about":[{"href":"https:\/\/www.legumbresballesteros.com\/en\/wp-json\/wp\/v2\/types\/product"}],"replies":[{"embeddable":true,"href":"https:\/\/www.legumbresballesteros.com\/en\/wp-json\/wp\/v2\/comments?post=97"}],"wp:featuredmedia":[{"embeddable":true,"href":"https:\/\/www.legumbresballesteros.com\/en\/wp-json\/wp\/v2\/media\/192"}],"wp:attachment":[{"href":"https:\/\/www.legumbresballesteros.com\/en\/wp-json\/wp\/v2\/media?parent=97"}],"wp:term":[{"taxonomy":"product_brand","embeddable":true,"href":"https:\/\/www.legumbresballesteros.com\/en\/wp-json\/wp\/v2\/product_brand?post=97"},{"taxonomy":"product_cat","embeddable":true,"href":"https:\/\/www.legumbresballesteros.com\/en\/wp-json\/wp\/v2\/product_cat?post=97"},{"taxonomy":"product_tag","embeddable":true,"href":"https:\/\/www.legumbresballesteros.com\/en\/wp-json\/wp\/v2\/product_tag?post=97"}],"curies":[{"name":"wp","href":"https:\/\/api.w.org\/{rel}","templated":true}]}}