{"id":70,"date":"2023-07-26T12:42:42","date_gmt":"2023-07-26T10:42:42","guid":{"rendered":"https:\/\/www.legumbresballesteros.com\/?page_id=70"},"modified":"2024-07-31T16:48:31","modified_gmt":"2024-07-31T14:48:31","slug":"contacto-2","status":"publish","type":"page","link":"https:\/\/www.legumbresballesteros.com\/en\/contacto-2\/","title":{"rendered":"Contacto"},"content":{"rendered":"\t\t<div data-elementor-type=\"wp-page\" data-elementor-id=\"70\" class=\"elementor elementor-70\">\n\t\t\t\t\t\t<section class=\"elementor-section elementor-top-section elementor-element elementor-element-a556fbd elementor-section-boxed elementor-section-height-default elementor-section-height-default\" data-id=\"a556fbd\" data-element_type=\"section\">\n\t\t\t\t\t\t<div class=\"elementor-container elementor-column-gap-default\">\n\t\t\t\t\t<div class=\"elementor-column elementor-col-100 elementor-top-column elementor-element elementor-element-e83f573\" data-id=\"e83f573\" data-element_type=\"column\">\n\t\t\t<div class=\"elementor-widget-wrap elementor-element-populated\">\n\t\t\t\t\t\t<div class=\"elementor-element elementor-element-612206a elementor-widget elementor-widget-text-editor\" data-id=\"612206a\" data-element_type=\"widget\" data-widget_type=\"text-editor.default\">\n\t\t\t\t<div class=\"elementor-widget-container\">\n\t\t\t\t\t\t\t\t\t<p>\u00a1Bienvenidos a la p\u00e1gina de contacto de <b>Legumbres Ballesteros<\/b>!<\/p><p>En <b>Legumbres Ballesteros<\/b>, valoramos enormemente la comunicaci\u00f3n con nuestros clientes. Nos enorgullece ofrecer legumbres de la m\u00e1s alta calidad y queremos asegurarnos de que tu experiencia con nosotros sea excepcional desde el primer contacto. Por ello, hemos creado esta p\u00e1gina para facilitarte el proceso de comunicaci\u00f3n con nuestro equipo.<\/p><p><strong>Nuestra sede est\u00e1 localizada en el coraz\u00f3n de Noblejas<\/strong>, Toledo, Espa\u00f1a, un lugar con una rica tradici\u00f3n agr\u00edcola. Estamos aqu\u00ed para ayudarte con cualquier consulta que puedas tener sobre nuestros productos, procesos de cultivo, pr\u00e1cticas sostenibles o cualquier otro aspecto relacionado con nuestra empresa. No dudes en ponerte en contacto con nosotros a trav\u00e9s del formulario que encontrar\u00e1s a continuaci\u00f3n.<\/p><h2><strong>Formulario de contacto<\/strong><\/h2><p>Para contactarnos, simplemente completa el formulario con tu informaci\u00f3n y mensaje. Te pedimos que incluyas tu nombre, correo electr\u00f3nico y n\u00famero de tel\u00e9fono para poder responderte lo antes posible. Tambi\u00e9n puedes seleccionar el motivo de tu consulta para que podamos dirigir tu mensaje al departamento correspondiente. Ya sea que necesites informaci\u00f3n sobre nuestros productos, tengas alguna duda sobre un pedido, quieras compartir una sugerencia o simplemente desees saludarnos, estamos aqu\u00ed para escucharte.<\/p><h2><strong>Otras formas de contacto<\/strong><\/h2><p>Si prefieres hablar con nosotros directamente, puedes llamarnos al 925 140 318. Nuestro horario de atenci\u00f3n telef\u00f3nica es de lunes a viernes, de 9:00 a 18:00 horas. Tambi\u00e9n puedes enviarnos un correo electr\u00f3nico a\u00a0<a style=\"color: #000000;\" href=\"mailto:ballesteros@legumbresballesteros.com\" target=\"_blank\" rel=\"noopener\">ballesteros@legumbresballesteros.com<\/a>\u00a0y te responderemos en un plazo m\u00e1ximo de 24 horas.<\/p><h2><strong style=\"color: var( --e-global-color-text ); font-family: var( --e-global-typography-text-font-family ), Sans-serif;\">Vis\u00edtanos en Noblejas<\/strong><\/h2><p>Para aquellos que quieran conocernos en persona, nuestra tienda de f\u00e1brica en Noblejas est\u00e1 abierta al p\u00fablico. Aqu\u00ed podr\u00e1s descubrir nuestros productos frescos y recibir asesoramiento personalizado sobre c\u00f3mo incorporarlos en tu dieta diaria. Nos encanta recibir visitas y mostrarte de primera mano c\u00f3mo cultivamos y procesamos nuestras legumbres con amor y dedicaci\u00f3n.<\/p><p>Esta es nuestra\u00a0<a style=\"color: #000000;\" href=\"https:\/\/www.legumbresballesteros.com\/localizacion\/\" target=\"_blank\" rel=\"noopener\">localizaci\u00f3n<\/a>.<\/p><p><span style=\"color: var( --e-global-color-text ); font-family: var( --e-global-typography-text-font-family ), Sans-serif; font-weight: var( --e-global-typography-text-font-weight );\">Gracias por tu inter\u00e9s en Legumbres Ballesteros.\u00a0<\/span><\/p><p><span style=\"color: var( --e-global-color-text ); font-family: var( --e-global-typography-text-font-family ), Sans-serif; font-weight: var( --e-global-typography-text-font-weight );\">Estamos aqu\u00ed para ayudarte y esperamos con entusiasmo tu mensaje.<\/span><\/p>\t\t\t\t\t\t\t\t<\/div>\n\t\t\t\t<\/div>\n\t\t\t\t\t<\/div>\n\t\t<\/div>\n\t\t\t\t\t<\/div>\n\t\t<\/section>\n\t\t\t\t<section class=\"elementor-section elementor-top-section elementor-element elementor-element-7d83473 elementor-section-boxed elementor-section-height-default elementor-section-height-default\" data-id=\"7d83473\" data-element_type=\"section\">\n\t\t\t\t\t\t<div class=\"elementor-container elementor-column-gap-default\">\n\t\t\t\t\t<div class=\"elementor-column elementor-col-100 elementor-top-column elementor-element elementor-element-a1dbc61\" data-id=\"a1dbc61\" data-element_type=\"column\">\n\t\t\t<div class=\"elementor-widget-wrap elementor-element-populated\">\n\t\t\t\t\t\t<div class=\"elementor-element elementor-element-982ff8b elementor-widget elementor-widget-wpforms\" data-id=\"982ff8b\" data-element_type=\"widget\" data-widget_type=\"wpforms.default\">\n\t\t\t\t<div class=\"elementor-widget-container\">\n\t\t\t\t\t<style id=\"wpforms-css-vars-elementor-widget-982ff8b\">\n\t\t\t\t.elementor-widget-wpforms.elementor-element-982ff8b {\n\t\t\t\t--wpforms-field-size-input-height: 43px;\n--wpforms-field-size-input-spacing: 15px;\n--wpforms-field-size-font-size: 16px;\n--wpforms-field-size-line-height: 19px;\n--wpforms-field-size-padding-h: 14px;\n--wpforms-field-size-checkbox-size: 16px;\n--wpforms-field-size-sublabel-spacing: 5px;\n--wpforms-field-size-icon-size: 1;\n--wpforms-label-size-font-size: 16px;\n--wpforms-label-size-line-height: 19px;\n--wpforms-label-size-sublabel-font-size: 14px;\n--wpforms-label-size-sublabel-line-height: 17px;\n--wpforms-button-size-font-size: 17px;\n--wpforms-button-size-height: 41px;\n--wpforms-button-size-padding-h: 15px;\n--wpforms-button-size-margin-top: 10px;\n\n\t\t\t}\n\t\t\t<\/style><div class=\"wpforms-container wpforms-container-full wpforms-render-modern\" id=\"wpforms-67\"><form id=\"wpforms-form-67\" class=\"wpforms-validate wpforms-form wpforms-ajax-form\" data-formid=\"67\" method=\"post\" enctype=\"multipart\/form-data\" action=\"\/en\/wp-json\/wp\/v2\/pages\/70\" data-token=\"8f104e0d7967cf463c091cfcb57c6e2c\" data-token-time=\"1776219096\"><noscript class=\"wpforms-error-noscript\">Please enable JavaScript in your browser to complete this form.<\/noscript><div class=\"wpforms-hidden\" id=\"wpforms-error-noscript\">Please enable JavaScript in your browser to complete this form.<\/div><div class=\"wpforms-field-container\"><div id=\"wpforms-67-field_0-container\" class=\"wpforms-field wpforms-field-name\" data-field-id=\"0\"><fieldset><legend class=\"wpforms-field-label\">Nombre <span class=\"wpforms-required-label\" aria-hidden=\"true\">*<\/span><\/legend><div class=\"wpforms-field-row wpforms-field-medium\"><div class=\"wpforms-field-row-block wpforms-first wpforms-one-half\"><input type=\"text\" id=\"wpforms-67-field_0\" class=\"wpforms-field-name-first wpforms-field-required\" name=\"wpforms[fields][0][first]\" aria-errormessage=\"wpforms-67-field_0-error\" required><label for=\"wpforms-67-field_0\" class=\"wpforms-field-sublabel after\">First<\/label><\/div><div class=\"wpforms-field-row-block wpforms-one-half\"><input type=\"text\" id=\"wpforms-67-field_0-last\" class=\"wpforms-field-name-last wpforms-field-required\" name=\"wpforms[fields][0][last]\" aria-errormessage=\"wpforms-67-field_0-last-error\" required><label for=\"wpforms-67-field_0-last\" class=\"wpforms-field-sublabel after\">Last<\/label><\/div><\/div><\/fieldset><\/div><div id=\"wpforms-67-field_1-container\" class=\"wpforms-field wpforms-field-email\" data-field-id=\"1\"><label class=\"wpforms-field-label\" for=\"wpforms-67-field_1\">Correo electr\u00f3nico <span class=\"wpforms-required-label\" aria-hidden=\"true\">*<\/span><\/label><input type=\"email\" id=\"wpforms-67-field_1\" class=\"wpforms-field-medium wpforms-field-required\" name=\"wpforms[fields][1]\" spellcheck=\"false\" aria-errormessage=\"wpforms-67-field_1-error\" required><\/div><div id=\"wpforms-67-field_3-container\" class=\"wpforms-field wpforms-field-text\" data-field-id=\"3\"><label class=\"wpforms-field-label\" for=\"wpforms-67-field_3\">Asunto<\/label><input type=\"text\" id=\"wpforms-67-field_3\" class=\"wpforms-field-medium\" name=\"wpforms[fields][3]\" aria-errormessage=\"wpforms-67-field_3-error\" ><\/div><div id=\"wpforms-67-field_2-container\" class=\"wpforms-field wpforms-field-textarea\" data-field-id=\"2\"><label class=\"wpforms-field-label\" for=\"wpforms-67-field_2\">Comentario o mensaje <span class=\"wpforms-required-label\" aria-hidden=\"true\">*<\/span><\/label><textarea id=\"wpforms-67-field_2\" class=\"wpforms-field-medium wpforms-field-required\" name=\"wpforms[fields][2]\" aria-errormessage=\"wpforms-67-field_2-error\" required><\/textarea><\/div><\/div><!-- .wpforms-field-container --><div class=\"wpforms-recaptcha-container wpforms-is-recaptcha wpforms-is-recaptcha-type-invisible\" ><div class=\"g-recaptcha\" data-sitekey=\"6Lc5K5InAAAAAIo-Lcwm50ruGqTGvlgBO6w4z230\" data-size=\"invisible\"><\/div><\/div><div class=\"wpforms-submit-container\" ><input type=\"hidden\" name=\"wpforms[id]\" value=\"67\"><input type=\"hidden\" name=\"page_title\" value=\"\"><input type=\"hidden\" name=\"page_url\" value=\"https:\/\/www.legumbresballesteros.com\/en\/wp-json\/wp\/v2\/pages\/70\"><input type=\"hidden\" name=\"url_referer\" value=\"\"><button type=\"submit\" name=\"wpforms[submit]\" id=\"wpforms-submit-67\" class=\"wpforms-submit\" data-alt-text=\"Enviando...\" data-submit-text=\"Enviar\" aria-live=\"assertive\" value=\"wpforms-submit\">Enviar<\/button><img decoding=\"async\" src=\"https:\/\/www.legumbresballesteros.com\/wp-content\/plugins\/wpforms-lite\/assets\/images\/submit-spin.svg\" class=\"wpforms-submit-spinner\" style=\"display: none;\" width=\"26\" height=\"26\" alt=\"Loading\"><\/div><\/form><\/div>  <!-- .wpforms-container -->\t\t\t\t<\/div>\n\t\t\t\t<\/div>\n\t\t\t\t\t<\/div>\n\t\t<\/div>\n\t\t\t\t\t<\/div>\n\t\t<\/section>\n\t\t\t\t<\/div>\n\t\t","protected":false},"excerpt":{"rendered":"<p>\u00a1Bienvenidos a la p\u00e1gina de contacto de Legumbres Ballesteros! En Legumbres Ballesteros, valoramos enormemente la comunicaci\u00f3n con nuestros clientes. Nos enorgullece ofrecer legumbres de la m\u00e1s alta calidad y queremos asegurarnos de que tu experiencia con nosotros sea excepcional desde el primer contacto. Por ello, hemos creado esta p\u00e1gina para facilitarte el proceso de comunicaci\u00f3n [&hellip;]<\/p>\n","protected":false},"author":1,"featured_media":0,"parent":0,"menu_order":0,"comment_status":"closed","ping_status":"closed","template":"","meta":{"footnotes":""},"class_list":["post-70","page","type-page","status-publish","hentry"],"yoast_head":"<!-- This site is optimized with the Yoast SEO plugin v24.8.1 - https:\/\/yoast.com\/wordpress\/plugins\/seo\/ -->\n<title>Contacto - legumbresballesteros.com<\/title>\n<meta name=\"description\" content=\"Cont\u00e1ctanos a trav\u00e9s de este formulario de contacto, telef\u00f3nicamente (925140318) o por email (ballesteros@legumbresballesteros.com).\" \/>\n<meta name=\"robots\" content=\"index, follow, max-snippet:-1, max-image-preview:large, max-video-preview:-1\" \/>\n<link rel=\"canonical\" href=\"https:\/\/www.legumbresballesteros.com\/en\/contacto-2\/\" \/>\n<meta property=\"og:locale\" content=\"en_US\" \/>\n<meta property=\"og:locale:alternate\" content=\"es_ES\" \/>\n<meta property=\"og:type\" content=\"article\" \/>\n<meta property=\"og:title\" content=\"Contacto\" \/>\n<meta property=\"og:description\" content=\"Cont\u00e1ctanos a trav\u00e9s de este formulario de contacto, telef\u00f3nicamente (925140318) o por email (ballesteros@legumbresballesteros.com).\" \/>\n<meta property=\"og:url\" content=\"https:\/\/www.legumbresballesteros.com\/en\/contacto-2\/\" \/>\n<meta property=\"og:site_name\" content=\"legumbresballesteros.com\" \/>\n<meta property=\"article:modified_time\" content=\"2024-07-31T14:48:31+00:00\" \/>\n<meta property=\"og:image\" content=\"https:\/\/www.legumbresballesteros.com\/wp-content\/plugins\/wpforms-lite\/assets\/images\/submit-spin.svg\" \/>\n<meta name=\"twitter:card\" content=\"summary_large_image\" \/>\n<meta name=\"twitter:label1\" content=\"Est. reading time\" \/>\n\t<meta name=\"twitter:data1\" content=\"2 minutes\" \/>\n<script type=\"application\/ld+json\" class=\"yoast-schema-graph\">{\"@context\":\"https:\/\/schema.org\",\"@graph\":[{\"@type\":\"WebPage\",\"@id\":\"https:\/\/www.legumbresballesteros.com\/contacto-2\/\",\"url\":\"https:\/\/www.legumbresballesteros.com\/contacto-2\/\",\"name\":\"Contacto\",\"isPartOf\":{\"@id\":\"https:\/\/www.legumbresballesteros.com\/#website\"},\"primaryImageOfPage\":{\"@id\":\"https:\/\/www.legumbresballesteros.com\/contacto-2\/#primaryimage\"},\"image\":{\"@id\":\"https:\/\/www.legumbresballesteros.com\/contacto-2\/#primaryimage\"},\"thumbnailUrl\":\"https:\/\/www.legumbresballesteros.com\/wp-content\/plugins\/wpforms-lite\/assets\/images\/submit-spin.svg\",\"datePublished\":\"2023-07-26T10:42:42+00:00\",\"dateModified\":\"2024-07-31T14:48:31+00:00\",\"description\":\"Cont\u00e1ctanos a trav\u00e9s de este formulario de contacto, telef\u00f3nicamente (925140318) o por email (ballesteros@legumbresballesteros.com).\",\"breadcrumb\":{\"@id\":\"https:\/\/www.legumbresballesteros.com\/contacto-2\/#breadcrumb\"},\"inLanguage\":\"en-US\",\"potentialAction\":[{\"@type\":\"ReadAction\",\"target\":[\"https:\/\/www.legumbresballesteros.com\/contacto-2\/\"]}]},{\"@type\":\"ImageObject\",\"inLanguage\":\"en-US\",\"@id\":\"https:\/\/www.legumbresballesteros.com\/contacto-2\/#primaryimage\",\"url\":\"https:\/\/www.legumbresballesteros.com\/wp-content\/plugins\/wpforms-lite\/assets\/images\/submit-spin.svg\",\"contentUrl\":\"https:\/\/www.legumbresballesteros.com\/wp-content\/plugins\/wpforms-lite\/assets\/images\/submit-spin.svg\"},{\"@type\":\"BreadcrumbList\",\"@id\":\"https:\/\/www.legumbresballesteros.com\/contacto-2\/#breadcrumb\",\"itemListElement\":[{\"@type\":\"ListItem\",\"position\":1,\"name\":\"Portada\",\"item\":\"https:\/\/www.legumbresballesteros.com\/\"},{\"@type\":\"ListItem\",\"position\":2,\"name\":\"Contacto\"}]},{\"@type\":\"WebSite\",\"@id\":\"https:\/\/www.legumbresballesteros.com\/#website\",\"url\":\"https:\/\/www.legumbresballesteros.com\/\",\"name\":\"legumbresballesteros.com\",\"description\":\"\",\"publisher\":{\"@id\":\"https:\/\/www.legumbresballesteros.com\/#organization\"},\"potentialAction\":[{\"@type\":\"SearchAction\",\"target\":{\"@type\":\"EntryPoint\",\"urlTemplate\":\"https:\/\/www.legumbresballesteros.com\/?s={search_term_string}\"},\"query-input\":{\"@type\":\"PropertyValueSpecification\",\"valueRequired\":true,\"valueName\":\"search_term_string\"}}],\"inLanguage\":\"en-US\"},{\"@type\":\"Organization\",\"@id\":\"https:\/\/www.legumbresballesteros.com\/#organization\",\"name\":\"legumbresballesteros.com\",\"url\":\"https:\/\/www.legumbresballesteros.com\/\",\"logo\":{\"@type\":\"ImageObject\",\"inLanguage\":\"en-US\",\"@id\":\"https:\/\/www.legumbresballesteros.com\/#\/schema\/logo\/image\/\",\"url\":\"https:\/\/www.legumbresballesteros.com\/wp-content\/uploads\/2023\/07\/cropped-logo_transparente.png\",\"contentUrl\":\"https:\/\/www.legumbresballesteros.com\/wp-content\/uploads\/2023\/07\/cropped-logo_transparente.png\",\"width\":250,\"height\":250,\"caption\":\"legumbresballesteros.com\"},\"image\":{\"@id\":\"https:\/\/www.legumbresballesteros.com\/#\/schema\/logo\/image\/\"}}]}<\/script>\n<!-- \/ Yoast SEO plugin. -->","yoast_head_json":{"title":"Contacto - legumbresballesteros.com","description":"Cont\u00e1ctanos a trav\u00e9s de este formulario de contacto, telef\u00f3nicamente (925140318) o por email (ballesteros@legumbresballesteros.com).","robots":{"index":"index","follow":"follow","max-snippet":"max-snippet:-1","max-image-preview":"max-image-preview:large","max-video-preview":"max-video-preview:-1"},"canonical":"https:\/\/www.legumbresballesteros.com\/en\/contacto-2\/","og_locale":"en_US","og_type":"article","og_title":"[:es]Contacto[:] - legumbresballesteros.com","og_description":"[:es]Cont\u00e1ctanos a trav\u00e9s de este formulario de contacto, telef\u00f3nicamente (925140318) o por email (ballesteros@legumbresballesteros.com).[:]","og_url":"https:\/\/www.legumbresballesteros.com\/en\/contacto-2\/","og_site_name":"legumbresballesteros.com","article_modified_time":"2024-07-31T14:48:31+00:00","og_image":[{"url":"https:\/\/www.legumbresballesteros.com\/wp-content\/plugins\/wpforms-lite\/assets\/images\/submit-spin.svg","type":"","width":"","height":""}],"twitter_card":"summary_large_image","twitter_misc":{"Est. reading time":"2 minutes"},"schema":{"@context":"https:\/\/schema.org","@graph":[{"@type":"WebPage","@id":"https:\/\/www.legumbresballesteros.com\/contacto-2\/","url":"https:\/\/www.legumbresballesteros.com\/contacto-2\/","name":"Contacto","isPartOf":{"@id":"https:\/\/www.legumbresballesteros.com\/#website"},"primaryImageOfPage":{"@id":"https:\/\/www.legumbresballesteros.com\/contacto-2\/#primaryimage"},"image":{"@id":"https:\/\/www.legumbresballesteros.com\/contacto-2\/#primaryimage"},"thumbnailUrl":"https:\/\/www.legumbresballesteros.com\/wp-content\/plugins\/wpforms-lite\/assets\/images\/submit-spin.svg","datePublished":"2023-07-26T10:42:42+00:00","dateModified":"2024-07-31T14:48:31+00:00","description":"Cont\u00e1ctanos a trav\u00e9s de este formulario de contacto, telef\u00f3nicamente (925140318) o por email (ballesteros@legumbresballesteros.com).","breadcrumb":{"@id":"https:\/\/www.legumbresballesteros.com\/contacto-2\/#breadcrumb"},"inLanguage":"en-US","potentialAction":[{"@type":"ReadAction","target":["https:\/\/www.legumbresballesteros.com\/contacto-2\/"]}]},{"@type":"ImageObject","inLanguage":"en-US","@id":"https:\/\/www.legumbresballesteros.com\/contacto-2\/#primaryimage","url":"https:\/\/www.legumbresballesteros.com\/wp-content\/plugins\/wpforms-lite\/assets\/images\/submit-spin.svg","contentUrl":"https:\/\/www.legumbresballesteros.com\/wp-content\/plugins\/wpforms-lite\/assets\/images\/submit-spin.svg"},{"@type":"BreadcrumbList","@id":"https:\/\/www.legumbresballesteros.com\/contacto-2\/#breadcrumb","itemListElement":[{"@type":"ListItem","position":1,"name":"Portada","item":"https:\/\/www.legumbresballesteros.com\/"},{"@type":"ListItem","position":2,"name":"Contacto"}]},{"@type":"WebSite","@id":"https:\/\/www.legumbresballesteros.com\/#website","url":"https:\/\/www.legumbresballesteros.com\/","name":"legumbresballesteros.com","description":"","publisher":{"@id":"https:\/\/www.legumbresballesteros.com\/#organization"},"potentialAction":[{"@type":"SearchAction","target":{"@type":"EntryPoint","urlTemplate":"https:\/\/www.legumbresballesteros.com\/?s={search_term_string}"},"query-input":{"@type":"PropertyValueSpecification","valueRequired":true,"valueName":"search_term_string"}}],"inLanguage":"en-US"},{"@type":"Organization","@id":"https:\/\/www.legumbresballesteros.com\/#organization","name":"legumbresballesteros.com","url":"https:\/\/www.legumbresballesteros.com\/","logo":{"@type":"ImageObject","inLanguage":"en-US","@id":"https:\/\/www.legumbresballesteros.com\/#\/schema\/logo\/image\/","url":"https:\/\/www.legumbresballesteros.com\/wp-content\/uploads\/2023\/07\/cropped-logo_transparente.png","contentUrl":"https:\/\/www.legumbresballesteros.com\/wp-content\/uploads\/2023\/07\/cropped-logo_transparente.png","width":250,"height":250,"caption":"legumbresballesteros.com"},"image":{"@id":"https:\/\/www.legumbresballesteros.com\/#\/schema\/logo\/image\/"}}]}},"_links":{"self":[{"href":"https:\/\/www.legumbresballesteros.com\/en\/wp-json\/wp\/v2\/pages\/70","targetHints":{"allow":["GET"]}}],"collection":[{"href":"https:\/\/www.legumbresballesteros.com\/en\/wp-json\/wp\/v2\/pages"}],"about":[{"href":"https:\/\/www.legumbresballesteros.com\/en\/wp-json\/wp\/v2\/types\/page"}],"author":[{"embeddable":true,"href":"https:\/\/www.legumbresballesteros.com\/en\/wp-json\/wp\/v2\/users\/1"}],"replies":[{"embeddable":true,"href":"https:\/\/www.legumbresballesteros.com\/en\/wp-json\/wp\/v2\/comments?post=70"}],"version-history":[{"count":25,"href":"https:\/\/www.legumbresballesteros.com\/en\/wp-json\/wp\/v2\/pages\/70\/revisions"}],"predecessor-version":[{"id":516,"href":"https:\/\/www.legumbresballesteros.com\/en\/wp-json\/wp\/v2\/pages\/70\/revisions\/516"}],"wp:attachment":[{"href":"https:\/\/www.legumbresballesteros.com\/en\/wp-json\/wp\/v2\/media?parent=70"}],"curies":[{"name":"wp","href":"https:\/\/api.w.org\/{rel}","templated":true}]}}