{"id":41,"date":"2023-07-26T11:27:30","date_gmt":"2023-07-26T09:27:30","guid":{"rendered":"https:\/\/www.legumbresballesteros.com\/?page_id=41"},"modified":"2024-07-31T16:46:25","modified_gmt":"2024-07-31T14:46:25","slug":"localizacion","status":"publish","type":"page","link":"https:\/\/www.legumbresballesteros.com\/en\/localizacion\/","title":{"rendered":"Localizaci\u00f3n"},"content":{"rendered":"\t\t<div data-elementor-type=\"wp-page\" data-elementor-id=\"41\" class=\"elementor elementor-41\">\n\t\t\t\t<section class=\"elementor-section elementor-top-section elementor-element elementor-element-33358a3d elementor-section-boxed elementor-section-height-default elementor-section-height-default\" data-id=\"33358a3d\" data-element_type=\"section\">\n\t\t\t\t\t\t<div class=\"elementor-container elementor-column-gap-default\">\n\t\t\t\t\t<div class=\"elementor-column elementor-col-100 elementor-top-column elementor-element elementor-element-3348434e\" data-id=\"3348434e\" data-element_type=\"column\">\n\t\t\t<div class=\"elementor-widget-wrap elementor-element-populated\">\n\t\t\t\t\t\t<div class=\"elementor-element elementor-element-39f6e33d elementor-widget elementor-widget-text-editor\" data-id=\"39f6e33d\" data-element_type=\"widget\" data-widget_type=\"text-editor.default\">\n\t\t\t\t<div class=\"elementor-widget-container\">\n\t\t\t\t\t\t\t\t\t<p><b>Localizaci\u00f3n de Legumbres Ballesteros:<\/b><br \/>Direcci\u00f3n: AVENIDA DEL FUTURO, 13, POL. IND. LA CARBONERA<br \/><span style=\"color: var( --e-global-color-text ); font-family: var( --e-global-typography-text-font-family ), Sans-serif; font-weight: var( --e-global-typography-text-font-weight );\">C\u00f3digo Postal: 45350<\/span>\u00a0 <br \/>Localidad: Noblejas<br \/>Provincia: Toledo<br \/><span style=\"color: var( --e-global-color-text ); font-family: var( --e-global-typography-text-font-family ), Sans-serif; font-weight: var( --e-global-typography-text-font-weight );\">Pa\u00eds: Espa\u00f1a<\/span><\/p>\n<p><!-- \/wp:paragraph --><\/p>\n<p><!-- wp:paragraph --><\/p>\n<h2><strong>Nuestra sede est\u00e1 localizada en el coraz\u00f3n de Noblejas<\/strong>, localidad conocida por su rica tradici\u00f3n agr\u00edcola y su hermoso entorno natural.\u00a0<\/h2>\n<p><span style=\"color: var( --e-global-color-text ); font-family: var( --e-global-typography-text-font-family ), Sans-serif; font-weight: var( --e-global-typography-text-font-weight );\">Nuestro compromiso con la calidad comienza aqu\u00ed, en nuestras tierras f\u00e9rtiles, donde cultivamos y seleccionamos las mejores legumbres para ti. Gracias a que nuestra localizaci\u00f3n podemos\u00a0<\/span><span style=\"color: var( --e-global-color-text ); font-family: var( --e-global-typography-text-font-family ), Sans-serif; font-weight: var( --e-global-typography-text-font-weight );\">estar m\u00e1s cerca de nuestros cultivos de <\/span><strong style=\"color: var( --e-global-color-text ); font-family: var( --e-global-typography-text-font-family ), Sans-serif;\">legumbres<\/strong><span style=\"color: var( --e-global-color-text ); font-family: var( --e-global-typography-text-font-family ), Sans-serif; font-weight: var( --e-global-typography-text-font-weight );\">\u00a0como\u00a0<\/span><strong style=\"color: var( --e-global-color-text ); font-family: var( --e-global-typography-text-font-family ), Sans-serif;\">alubias<\/strong><span style=\"color: var( --e-global-color-text ); font-family: var( --e-global-typography-text-font-family ), Sans-serif; font-weight: var( --e-global-typography-text-font-weight );\">, <\/span><strong style=\"color: var( --e-global-color-text ); font-family: var( --e-global-typography-text-font-family ), Sans-serif;\">lentejas<\/strong><span style=\"color: var( --e-global-color-text ); font-family: var( --e-global-typography-text-font-family ), Sans-serif; font-weight: var( --e-global-typography-text-font-weight );\">, <\/span><strong style=\"color: var( --e-global-color-text ); font-family: var( --e-global-typography-text-font-family ), Sans-serif;\">garbanzos<\/strong>,<strong style=\"color: var( --e-global-color-text ); font-family: var( --e-global-typography-text-font-family ), Sans-serif;\">\u00a0guisantes<\/strong><span style=\"color: var( --e-global-color-text ); font-family: var( --e-global-typography-text-font-family ), Sans-serif;\">,<\/span><strong style=\"color: var( --e-global-color-text ); font-family: var( --e-global-typography-text-font-family ), Sans-serif;\"> habas<\/strong><span style=\"color: var( --e-global-color-text ); font-family: var( --e-global-typography-text-font-family ), Sans-serif;\">,<\/span><strong style=\"color: var( --e-global-color-text ); font-family: var( --e-global-typography-text-font-family ), Sans-serif;\"> soja<\/strong><span style=\"color: var( --e-global-color-text ); font-family: var( --e-global-typography-text-font-family ), Sans-serif; font-weight: var( --e-global-typography-text-font-weight );\">\u00a0y <\/span><strong style=\"color: var( --e-global-color-text ); font-family: var( --e-global-typography-text-font-family ), Sans-serif;\">arroz<\/strong><span style=\"color: var( --e-global-color-text ); font-family: var( --e-global-typography-text-font-family ), Sans-serif; font-weight: var( --e-global-typography-text-font-weight );\">. Si tienes alguna consulta o simplemente deseas visitarnos, estaremos encantados de recibirte en nuestras instalaciones.<\/span><\/p>\n<p><span style=\"color: var( --e-global-color-text ); font-family: var( --e-global-typography-text-font-family ), Sans-serif; font-weight: var( --e-global-typography-text-font-weight );\">Adem\u00e1s, en nuestra tienda de f\u00e1brica, podr\u00e1s encontrar todos nuestros productos frescos y obtener asesoramiento personalizado sobre c\u00f3mo incorporarlos en tu dieta diaria. Nuestra pasi\u00f3n por la agricultura sostenible y la calidad se refleja en cada grano que cultivamos.<\/span><\/p>\n<p>Para aquellos que no puedan visitarnos en persona, ofrecemos env\u00edos a domicilio para que puedas disfrutar de nuestras legumbres dondequiera que est\u00e9s. Trabajamos con un sistema de distribuci\u00f3n eficiente para asegurar que nuestros productos lleguen frescos y en perfectas condiciones.<span style=\"color: var( --e-global-color-text ); font-family: var( --e-global-typography-text-font-family ), Sans-serif; font-weight: var( --e-global-typography-text-font-weight );\"><br \/><\/span><\/p>\n<p>Te invitamos a usar el mapa a continuaci\u00f3n para obtener indicaciones precisas sobre c\u00f3mo llegar. Si tienes alguna pregunta antes de tu visita, no dudes en contactarnos por tel\u00e9fono (925 140 318), por\u00a0<a style=\"color: #000000;\" href=\"mailto:ballesteros@legmbresballesteros.com\" target=\"_blank\" rel=\"noopener\">ballesteros@legumbresballesteros.com<\/a>\u00a0o a trav\u00e9s de nuestro\u00a0<a style=\"color: #000000;\" href=\"https:\/\/www.legumbresballesteros.com\/contacto-2\/\" target=\"_blank\" rel=\"noopener\">formulario de contacto<\/a>. Nuestro equipo estar\u00e1 encantado de atenderle.<\/p>\n<p>En <b>Legumbres Ballesteros<\/b>\u00a0nos esforzamos d\u00eda a d\u00eda por mantener una conexi\u00f3n cercana con nuestros clientes. Creemos en la importancia de fortalecer las relaciones locales y apoyar la econom\u00eda de nuestra regi\u00f3n, promoviendo una alimentaci\u00f3n saludable y sostenible.<\/p>\n<p>Legumbres Ballesteros: Nutriendo cuerpos, cuidando la tierra, desde Noblejas con amor.<\/p>\n<p>\u00a1Te esperamos con los brazos abiertos para que descubras la calidad y el sabor de nuestras legumbres!<\/p>\n<p><!-- \/wp:paragraph --><\/p>\t\t\t\t\t\t\t\t<\/div>\n\t\t\t\t<\/div>\n\t\t\t\t\t<\/div>\n\t\t<\/div>\n\t\t\t\t\t<\/div>\n\t\t<\/section>\n\t\t\t\t<section class=\"elementor-section elementor-top-section elementor-element elementor-element-897a09c elementor-section-boxed elementor-section-height-default elementor-section-height-default\" data-id=\"897a09c\" data-element_type=\"section\">\n\t\t\t\t\t\t<div class=\"elementor-container elementor-column-gap-default\">\n\t\t\t\t\t<div class=\"elementor-column elementor-col-100 elementor-top-column elementor-element elementor-element-1903042\" data-id=\"1903042\" data-element_type=\"column\">\n\t\t\t<div class=\"elementor-widget-wrap elementor-element-populated\">\n\t\t\t\t\t\t<div class=\"elementor-element elementor-element-712792a elementor-widget elementor-widget-google_maps\" data-id=\"712792a\" data-element_type=\"widget\" data-widget_type=\"google_maps.default\">\n\t\t\t\t<div class=\"elementor-widget-container\">\n\t\t\t\t\t\t\t<div class=\"elementor-custom-embed\">\n\t\t\t<iframe loading=\"lazy\"\n\t\t\t\t\tsrc=\"https:\/\/maps.google.com\/maps?q=legumbres%20ballesteros&#038;t=m&#038;z=10&#038;output=embed&#038;iwloc=near\"\n\t\t\t\t\ttitle=\"legumbres ballesteros\"\n\t\t\t\t\taria-label=\"legumbres ballesteros\"\n\t\t\t><\/iframe>\n\t\t<\/div>\n\t\t\t\t\t\t<\/div>\n\t\t\t\t<\/div>\n\t\t\t\t\t<\/div>\n\t\t<\/div>\n\t\t\t\t\t<\/div>\n\t\t<\/section>\t\t<\/div>\n\t\t","protected":false},"excerpt":{"rendered":"<p>Localizaci\u00f3n de Legumbres Ballesteros:Direcci\u00f3n: AVENIDA DEL FUTURO, 13, POL. IND. LA CARBONERAC\u00f3digo Postal: 45350\u00a0 Localidad: NoblejasProvincia: ToledoPa\u00eds: Espa\u00f1a Nuestra sede est\u00e1 localizada en el coraz\u00f3n de Noblejas, localidad conocida por su rica tradici\u00f3n agr\u00edcola y su hermoso entorno natural.\u00a0 Nuestro compromiso con la calidad comienza aqu\u00ed, en nuestras tierras f\u00e9rtiles, donde cultivamos y seleccionamos las [&hellip;]<\/p>\n","protected":false},"author":1,"featured_media":0,"parent":0,"menu_order":0,"comment_status":"closed","ping_status":"closed","template":"","meta":{"footnotes":""},"class_list":["post-41","page","type-page","status-publish","hentry"],"yoast_head":"<!-- This site is optimized with the Yoast SEO plugin v24.8.1 - https:\/\/yoast.com\/wordpress\/plugins\/seo\/ -->\n<title>Localizaci\u00f3n - legumbresballesteros.com<\/title>\n<meta name=\"description\" content=\"Legumbres Ballesteros con localizaci\u00f3n en Noblejas (Toledo) a 45 minutos de Madrid, donde se encuentran la mayor\u00eda de nuestros clientes.\" \/>\n<meta name=\"robots\" content=\"index, follow, max-snippet:-1, max-image-preview:large, max-video-preview:-1\" \/>\n<link rel=\"canonical\" href=\"https:\/\/www.legumbresballesteros.com\/en\/localizacion\/\" \/>\n<meta property=\"og:locale\" content=\"en_US\" \/>\n<meta property=\"og:locale:alternate\" content=\"es_ES\" \/>\n<meta property=\"og:type\" content=\"article\" \/>\n<meta property=\"og:title\" content=\"Localizaci\u00f3n\" \/>\n<meta property=\"og:description\" content=\"Legumbres Ballesteros con localizaci\u00f3n en Noblejas (Toledo) a 45 minutos de Madrid, donde se encuentran la mayor\u00eda de nuestros clientes.\" \/>\n<meta property=\"og:url\" content=\"https:\/\/www.legumbresballesteros.com\/en\/localizacion\/\" \/>\n<meta property=\"og:site_name\" content=\"legumbresballesteros.com\" \/>\n<meta property=\"article:modified_time\" content=\"2024-07-31T14:46:25+00:00\" \/>\n<meta name=\"twitter:card\" content=\"summary_large_image\" \/>\n<meta name=\"twitter:label1\" content=\"Est. reading time\" \/>\n\t<meta name=\"twitter:data1\" content=\"2 minutes\" \/>\n<script type=\"application\/ld+json\" class=\"yoast-schema-graph\">{\"@context\":\"https:\/\/schema.org\",\"@graph\":[{\"@type\":\"WebPage\",\"@id\":\"https:\/\/www.legumbresballesteros.com\/localizacion\/\",\"url\":\"https:\/\/www.legumbresballesteros.com\/localizacion\/\",\"name\":\"Localizaci\u00f3n\",\"isPartOf\":{\"@id\":\"https:\/\/www.legumbresballesteros.com\/#website\"},\"datePublished\":\"2023-07-26T09:27:30+00:00\",\"dateModified\":\"2024-07-31T14:46:25+00:00\",\"description\":\"Legumbres Ballesteros con localizaci\u00f3n en Noblejas (Toledo) a 45 minutos de Madrid, donde se encuentran la mayor\u00eda de nuestros clientes.\",\"breadcrumb\":{\"@id\":\"https:\/\/www.legumbresballesteros.com\/localizacion\/#breadcrumb\"},\"inLanguage\":\"en-US\",\"potentialAction\":[{\"@type\":\"ReadAction\",\"target\":[\"https:\/\/www.legumbresballesteros.com\/localizacion\/\"]}]},{\"@type\":\"BreadcrumbList\",\"@id\":\"https:\/\/www.legumbresballesteros.com\/localizacion\/#breadcrumb\",\"itemListElement\":[{\"@type\":\"ListItem\",\"position\":1,\"name\":\"Portada\",\"item\":\"https:\/\/www.legumbresballesteros.com\/\"},{\"@type\":\"ListItem\",\"position\":2,\"name\":\"Localizaci\u00f3n\"}]},{\"@type\":\"WebSite\",\"@id\":\"https:\/\/www.legumbresballesteros.com\/#website\",\"url\":\"https:\/\/www.legumbresballesteros.com\/\",\"name\":\"legumbresballesteros.com\",\"description\":\"\",\"publisher\":{\"@id\":\"https:\/\/www.legumbresballesteros.com\/#organization\"},\"potentialAction\":[{\"@type\":\"SearchAction\",\"target\":{\"@type\":\"EntryPoint\",\"urlTemplate\":\"https:\/\/www.legumbresballesteros.com\/?s={search_term_string}\"},\"query-input\":{\"@type\":\"PropertyValueSpecification\",\"valueRequired\":true,\"valueName\":\"search_term_string\"}}],\"inLanguage\":\"en-US\"},{\"@type\":\"Organization\",\"@id\":\"https:\/\/www.legumbresballesteros.com\/#organization\",\"name\":\"legumbresballesteros.com\",\"url\":\"https:\/\/www.legumbresballesteros.com\/\",\"logo\":{\"@type\":\"ImageObject\",\"inLanguage\":\"en-US\",\"@id\":\"https:\/\/www.legumbresballesteros.com\/#\/schema\/logo\/image\/\",\"url\":\"https:\/\/www.legumbresballesteros.com\/wp-content\/uploads\/2023\/07\/cropped-logo_transparente.png\",\"contentUrl\":\"https:\/\/www.legumbresballesteros.com\/wp-content\/uploads\/2023\/07\/cropped-logo_transparente.png\",\"width\":250,\"height\":250,\"caption\":\"legumbresballesteros.com\"},\"image\":{\"@id\":\"https:\/\/www.legumbresballesteros.com\/#\/schema\/logo\/image\/\"}}]}<\/script>\n<!-- \/ Yoast SEO plugin. -->","yoast_head_json":{"title":"Localizaci\u00f3n - legumbresballesteros.com","description":"Legumbres Ballesteros con localizaci\u00f3n en Noblejas (Toledo) a 45 minutos de Madrid, donde se encuentran la mayor\u00eda de nuestros clientes.","robots":{"index":"index","follow":"follow","max-snippet":"max-snippet:-1","max-image-preview":"max-image-preview:large","max-video-preview":"max-video-preview:-1"},"canonical":"https:\/\/www.legumbresballesteros.com\/en\/localizacion\/","og_locale":"en_US","og_type":"article","og_title":"[:es]Localizaci\u00f3n[:] - legumbresballesteros.com","og_description":"[:es]Legumbres Ballesteros con localizaci\u00f3n en Noblejas (Toledo) a 45 minutos de Madrid, donde se encuentran la mayor\u00eda de nuestros clientes.[:]","og_url":"https:\/\/www.legumbresballesteros.com\/en\/localizacion\/","og_site_name":"legumbresballesteros.com","article_modified_time":"2024-07-31T14:46:25+00:00","twitter_card":"summary_large_image","twitter_misc":{"Est. reading time":"2 minutes"},"schema":{"@context":"https:\/\/schema.org","@graph":[{"@type":"WebPage","@id":"https:\/\/www.legumbresballesteros.com\/localizacion\/","url":"https:\/\/www.legumbresballesteros.com\/localizacion\/","name":"Localizaci\u00f3n","isPartOf":{"@id":"https:\/\/www.legumbresballesteros.com\/#website"},"datePublished":"2023-07-26T09:27:30+00:00","dateModified":"2024-07-31T14:46:25+00:00","description":"Legumbres Ballesteros con localizaci\u00f3n en Noblejas (Toledo) a 45 minutos de Madrid, donde se encuentran la mayor\u00eda de nuestros clientes.","breadcrumb":{"@id":"https:\/\/www.legumbresballesteros.com\/localizacion\/#breadcrumb"},"inLanguage":"en-US","potentialAction":[{"@type":"ReadAction","target":["https:\/\/www.legumbresballesteros.com\/localizacion\/"]}]},{"@type":"BreadcrumbList","@id":"https:\/\/www.legumbresballesteros.com\/localizacion\/#breadcrumb","itemListElement":[{"@type":"ListItem","position":1,"name":"Portada","item":"https:\/\/www.legumbresballesteros.com\/"},{"@type":"ListItem","position":2,"name":"Localizaci\u00f3n"}]},{"@type":"WebSite","@id":"https:\/\/www.legumbresballesteros.com\/#website","url":"https:\/\/www.legumbresballesteros.com\/","name":"legumbresballesteros.com","description":"","publisher":{"@id":"https:\/\/www.legumbresballesteros.com\/#organization"},"potentialAction":[{"@type":"SearchAction","target":{"@type":"EntryPoint","urlTemplate":"https:\/\/www.legumbresballesteros.com\/?s={search_term_string}"},"query-input":{"@type":"PropertyValueSpecification","valueRequired":true,"valueName":"search_term_string"}}],"inLanguage":"en-US"},{"@type":"Organization","@id":"https:\/\/www.legumbresballesteros.com\/#organization","name":"legumbresballesteros.com","url":"https:\/\/www.legumbresballesteros.com\/","logo":{"@type":"ImageObject","inLanguage":"en-US","@id":"https:\/\/www.legumbresballesteros.com\/#\/schema\/logo\/image\/","url":"https:\/\/www.legumbresballesteros.com\/wp-content\/uploads\/2023\/07\/cropped-logo_transparente.png","contentUrl":"https:\/\/www.legumbresballesteros.com\/wp-content\/uploads\/2023\/07\/cropped-logo_transparente.png","width":250,"height":250,"caption":"legumbresballesteros.com"},"image":{"@id":"https:\/\/www.legumbresballesteros.com\/#\/schema\/logo\/image\/"}}]}},"_links":{"self":[{"href":"https:\/\/www.legumbresballesteros.com\/en\/wp-json\/wp\/v2\/pages\/41","targetHints":{"allow":["GET"]}}],"collection":[{"href":"https:\/\/www.legumbresballesteros.com\/en\/wp-json\/wp\/v2\/pages"}],"about":[{"href":"https:\/\/www.legumbresballesteros.com\/en\/wp-json\/wp\/v2\/types\/page"}],"author":[{"embeddable":true,"href":"https:\/\/www.legumbresballesteros.com\/en\/wp-json\/wp\/v2\/users\/1"}],"replies":[{"embeddable":true,"href":"https:\/\/www.legumbresballesteros.com\/en\/wp-json\/wp\/v2\/comments?post=41"}],"version-history":[{"count":80,"href":"https:\/\/www.legumbresballesteros.com\/en\/wp-json\/wp\/v2\/pages\/41\/revisions"}],"predecessor-version":[{"id":513,"href":"https:\/\/www.legumbresballesteros.com\/en\/wp-json\/wp\/v2\/pages\/41\/revisions\/513"}],"wp:attachment":[{"href":"https:\/\/www.legumbresballesteros.com\/en\/wp-json\/wp\/v2\/media?parent=41"}],"curies":[{"name":"wp","href":"https:\/\/api.w.org\/{rel}","templated":true}]}}